{"id":134,"date":"2019-06-07T17:12:17","date_gmt":"2019-06-07T14:12:17","guid":{"rendered":"http:\/\/www.tarikhoca.com\/?page_id=134"},"modified":"2024-06-03T22:13:31","modified_gmt":"2024-06-03T19:13:31","slug":"iletisim","status":"publish","type":"page","link":"https:\/\/aykanhoca.com\/index.php\/iletisim\/","title":{"rendered":"\u0130leti\u015fim"},"content":{"rendered":"\n<p class=\"has-large-font-size\"><strong>Telefon- whatsapp <\/strong><\/p>\n\n\n\n<p class=\"has-large-font-size\"><strong> 0535 416 19 21<\/strong><\/p>\n\n\n\n<p class=\"has-large-font-size\">whatsapp mesajlar\u0131n\u0131zda ad\u0131n\u0131z\u0131  ya\u015f\u0131n\u0131z\u0131 ve k\u0131saca s\u0131k\u0131nt\u0131lar\u0131n\u0131z\u0131  yaz\u0131n\u0131z.<\/p>\n","protected":false},"excerpt":{"rendered":"<p>Telefon- whatsapp 0535 416 19 21 whatsapp mesajlar\u0131n\u0131zda ad\u0131n\u0131z\u0131 ya\u015f\u0131n\u0131z\u0131 ve k\u0131saca s\u0131k\u0131nt\u0131lar\u0131n\u0131z\u0131 yaz\u0131n\u0131z.<\/p>\n","protected":false},"author":1,"featured_media":0,"parent":0,"menu_order":0,"comment_status":"closed","ping_status":"closed","template":"","meta":{"_monsterinsights_skip_tracking":false,"_monsterinsights_sitenote_active":false,"_monsterinsights_sitenote_note":"","_monsterinsights_sitenote_category":0,"_uf_show_specific_survey":0,"_uf_disable_surveys":false,"footnotes":""},"class_list":["post-134","page","type-page","status-publish","hentry"],"_links":{"self":[{"href":"https:\/\/aykanhoca.com\/index.php\/wp-json\/wp\/v2\/pages\/134","targetHints":{"allow":["GET"]}}],"collection":[{"href":"https:\/\/aykanhoca.com\/index.php\/wp-json\/wp\/v2\/pages"}],"about":[{"href":"https:\/\/aykanhoca.com\/index.php\/wp-json\/wp\/v2\/types\/page"}],"author":[{"embeddable":true,"href":"https:\/\/aykanhoca.com\/index.php\/wp-json\/wp\/v2\/users\/1"}],"replies":[{"embeddable":true,"href":"https:\/\/aykanhoca.com\/index.php\/wp-json\/wp\/v2\/comments?post=134"}],"version-history":[{"count":26,"href":"https:\/\/aykanhoca.com\/index.php\/wp-json\/wp\/v2\/pages\/134\/revisions"}],"predecessor-version":[{"id":8660,"href":"https:\/\/aykanhoca.com\/index.php\/wp-json\/wp\/v2\/pages\/134\/revisions\/8660"}],"wp:attachment":[{"href":"https:\/\/aykanhoca.com\/index.php\/wp-json\/wp\/v2\/media?parent=134"}],"curies":[{"name":"wp","href":"https:\/\/api.w.org\/{rel}","templated":true}]}}